{"id":6,"date":"2011-09-22T10:04:07","date_gmt":"2011-09-22T09:04:07","guid":{"rendered":"http:\/\/www.giopeli.it\/mtb\/?page_id=6"},"modified":"2011-10-06T08:41:49","modified_gmt":"2011-10-06T07:41:49","slug":"nuove-iniziative","status":"publish","type":"page","link":"http:\/\/www.giopeli.it\/mtb\/?page_id=6","title":{"rendered":"Nuove iniziative"},"content":{"rendered":"<div style=\"background-repeat: no-repeat;\"><p><span style=\"color: #ff00ff;\">SABATO 1\u00b0 OTTOBRE: GRANTOUR DEL MANIVA<\/span><\/p>\n<p>Partenza da Collio (ritrovo piazzale impianti) ore 7.30.<\/p>\n<p>Salita da Memmo verso la malga Stabil Fiorito su strada forestale con panorami bellissimi.<\/p>\n<p>20 minuti a spinta ed arriviamo al passo delle 7 Crocette.<\/p>\n<p>Poi ci attende una discesa appassionante!<\/p>\n<p>&nbsp;<\/p>\n<h1 style=\"text-align: center;\"><span style=\"color: #008000;\">Sabato 8 e domenica 9 ottobre: LIGURIA<\/span><\/h1>\n<p><strong>Andiamo a Finale Ligure per una mini vacanza di 2 giorni<\/strong>, quello che vorremmo fare sono dei bei giri pedalati vedere dei bei single trail, quelli famosi, quelli per cui la gente viene dalla Germania, dall&#8217;Inghilterra, dalla Svizzera e da tutta Italia con la propria Mountain bike.<\/p>\n<p><a href=\"http:\/\/www.giopeli.it\/mtb\/?page_id=116\">Per ulteriori dettagli cliccare qui <\/a><\/p>\n<p>E anche il link qui sotto<\/p>\n<p><a title=\"Finale paradiso dei bikers\" href=\"http:\/\/www.turbolince.com\/mountain_bike\/finale_ligure_mountain_bike_trails.html\">http:\/\/www.turbolince.com\/mountain_bike\/finale_ligure_mountain_bike_trails.html<\/a><\/p>\n<p><span style=\"color: #993300;\"><em>Ora occorre saper con precisione chi viene, perch\u00e8 bisogna prenotare l&#8217;albergo e organizzare il viaggio. Per l&#8217;albergo si accettano consigli di chi \u00e8 gi\u00e0 stato. Per il viaggio sarebbe una gran cosa avere il furgone di Erman per le bikes, poi in base ai partecipanti facciamo le macchine. Visto che il viaggio \u00e8 lungo, partenza presto, tipo alle 6 o max 6.30 del mattino, che dite?<\/em><\/span><\/p>\n<\/div>","protected":false},"excerpt":{"rendered":"<p>SABATO 1\u00b0 OTTOBRE: GRANTOUR DEL MANIVA Partenza da Collio (ritrovo piazzale impianti) ore 7.30. Salita da Memmo verso la malga Stabil Fiorito su strada forestale con panorami bellissimi. 20 minuti a spinta ed arriviamo al passo delle 7 Crocette. Poi&hellip; <\/p>\n","protected":false},"author":1,"featured_media":0,"parent":32,"menu_order":0,"comment_status":"open","ping_status":"closed","template":"sidebar-page.php","meta":{"footnotes":""},"_links":{"self":[{"href":"http:\/\/www.giopeli.it\/mtb\/index.php?rest_route=\/wp\/v2\/pages\/6"}],"collection":[{"href":"http:\/\/www.giopeli.it\/mtb\/index.php?rest_route=\/wp\/v2\/pages"}],"about":[{"href":"http:\/\/www.giopeli.it\/mtb\/index.php?rest_route=\/wp\/v2\/types\/page"}],"author":[{"embeddable":true,"href":"http:\/\/www.giopeli.it\/mtb\/index.php?rest_route=\/wp\/v2\/users\/1"}],"replies":[{"embeddable":true,"href":"http:\/\/www.giopeli.it\/mtb\/index.php?rest_route=%2Fwp%2Fv2%2Fcomments&post=6"}],"version-history":[{"count":11,"href":"http:\/\/www.giopeli.it\/mtb\/index.php?rest_route=\/wp\/v2\/pages\/6\/revisions"}],"predecessor-version":[{"id":8,"href":"http:\/\/www.giopeli.it\/mtb\/index.php?rest_route=\/wp\/v2\/pages\/6\/revisions\/8"}],"up":[{"embeddable":true,"href":"http:\/\/www.giopeli.it\/mtb\/index.php?rest_route=\/wp\/v2\/pages\/32"}],"wp:attachment":[{"href":"http:\/\/www.giopeli.it\/mtb\/index.php?rest_route=%2Fwp%2Fv2%2Fmedia&parent=6"}],"curies":[{"name":"wp","href":"https:\/\/api.w.org\/{rel}","templated":true}]}}